{"id":83786,"date":"2020-03-22T15:24:59","date_gmt":"2020-03-22T14:24:59","guid":{"rendered":"http:\/\/cruiseandiscover.com\/?page_id=83786"},"modified":"2024-07-01T16:51:28","modified_gmt":"2024-07-01T14:51:28","slug":"home","status":"publish","type":"page","link":"https:\/\/cruiseandiscover.com\/en\/","title":{"rendered":"home"},"content":{"rendered":"<div class=\"wpb-content-wrapper\"><div data-parent=\"true\" class=\"vc_row inverted-device-order row-container\" id=\"row-unique-0\"><div class=\"row unequal col-no-gutter no-top-padding no-bottom-padding no-h-padding full-width row-parent\"><div class=\"wpb_row row-inner\"><div class=\"wpb_column pos-top pos-center align_left column_parent col-lg-8 half-internal-gutter\"><div class=\"uncol style-light\"  ><div class=\"uncoltable\"><div class=\"uncell single-block-padding\" ><div class=\"uncont\" style=\" max-width:804px;\" ><div class=\"vc_custom_heading_wrap\"><div class=\"heading-text el-text\" ><h3 class=\"h3 text-color-jevc-color text-uppercase\" ><span><span style=\"color: #6a091a;\">Our activity<\/span><\/span><\/h3><div><p>Cruise &amp; Discover is specialized in motorcycle trips for the general public, professionals and anyone looking for sensations, emotions, freedom and pleasure. Our trips are designed for trail and road motorcycles.<\/p>\n<\/div><\/div><div class=\"clear\"><\/div><\/div><div class=\"vc_row row-internal row-container\"><div class=\"row row-child\" data-height=\"50\"><div class=\"wpb_row row-inner\"><div class=\"wpb_column pos-top pos-center align_left column_child col-lg-12 single-internal-gutter\"><div class=\"uncol style-light\" ><div class=\"uncoltable\"><div class=\"uncell no-block-padding\" ><div class=\"uncont\" ><div class=\"uncode_text_column\" ><\/p>\n<h3><\/h3>\n<h3><span style=\"color: #6a091a;\"><strong>OUR OFFER<\/strong><\/span><\/h3>\n<p>Our catalog offers trips in France and abroad, from <span style=\"color: #6a091a;\"><strong>from weekends to two weeks<\/strong><\/span> depending on the destination.<br \/>\nThe courses in the catalog are adaptable. We can also organize a customized course according to your specifications. Two formulas are available: an <span style=\"color: #6a091a;\"><strong>\"accompanied\" formula <\/strong><\/span>and a <strong><span style=\"color: #6a091a;\">\"freedom\" formula<\/span>.\u00a0<\/strong><\/p>\n<p>If you are interested in this experience, our entire team is here to advise you. We look forward hearing from you through our contact form.<\/p>\n<p>Do not hesitate to visit our website for more information!<\/p>\n<\/div><\/div><\/div><\/div><\/div><\/div><\/div><\/div><\/div><\/div><\/div><\/div><\/div><\/div><div class=\"wpb_column pos-middle pos-center align_left column_parent col-lg-4 single-internal-gutter\"><div class=\"uncol style-light\"  ><div class=\"uncoltable\" style=\"min-height: 340px;\"><div class=\"uncell single-block-padding   with-parallax\" ><div class=\"column-background background-element\">\n\t\t\t\t\t\t\t\t\t\t\t<div class=\"background-wrapper\">\n\t\t\t\t\t\t\t\t\t\t\t\t<div class=\"background-inner\" style=\"background-image: url(https:\/\/cruiseandiscover.com\/wp-content\/uploads\/2020\/03\/Cruiseandiscover-1-sur-1-scaled.jpg);background-repeat: no-repeat;background-position: center center;background-size: cover;\" data-o_src=\"https:\/\/cruiseandiscover.com\/wp-content\/uploads\/2020\/03\/Cruiseandiscover-1-sur-1-scaled.jpg\"><\/div>\n\t\t\t\t\t\t\t\t\t\t\t\t\n\t\t\t\t\t\t\t\t\t\t\t<\/div>\n\t\t\t\t\t\t\t\t\t\t<\/div><div class=\"uncont\" ><\/div><\/div><\/div><\/div><\/div><script id=\"script-row-unique-0\" data-row=\"script-row-unique-0\" type=\"text\/javascript\" class=\"vc_controls\">UNCODE.initRow(document.getElementById(\"row-unique-0\"));<\/script><\/div><\/div><\/div><div data-parent=\"true\" class=\"vc_row style-color-xsdn-bg row-container\" id=\"row-unique-1\"><div class=\"row-background background-element\" style=\"opacity: 1;\">\n\t\t\t\t\t\t\t\t\t\t\t<div class=\"background-wrapper\">\n\t\t\t\t\t\t\t\t\t\t\t\t<div class=\"background-inner\"><\/div>\n\t\t\t\t\t\t\t\t\t\t\t\t<div class=\"block-bg-overlay style-color-580634-bg\" style=\"opacity: 0.5;\"><\/div>\n\t\t\t\t\t\t\t\t\t\t\t<\/div>\n\t\t\t\t\t\t\t\t\t\t<\/div><div class=\"row limit-width row-parent\"><div class=\"wpb_row row-inner\"><div class=\"wpb_column pos-top pos-center align_left column_parent col-lg-4 single-internal-gutter\"><div class=\"uncol style-light\"  ><div class=\"uncoltable\"><div class=\"uncell no-block-padding\" ><div class=\"uncont\" ><\/div><\/div><\/div><\/div><\/div><div class=\"wpb_column pos-middle pos-center align_left column_parent col-lg-4 single-internal-gutter\"><div class=\"uncol style-light\"  ><div class=\"uncoltable\"><div class=\"uncell no-block-padding\" ><div class=\"uncont\" ><span class=\"btn-container\" ><a href=\"https:\/\/cruiseandiscover.com\/en\/offre\/\" class=\"custom-link btn btn-lg border-width-0 btn-default btn-icon-left\" title=\"Our offer\" target=\"_blank\">Our offer<\/a><\/span><\/div><\/div><\/div><\/div><\/div><div class=\"wpb_column pos-top pos-center align_left column_parent col-lg-4 single-internal-gutter\"><div class=\"uncol style-light\"  ><div class=\"uncoltable\"><div class=\"uncell no-block-padding\" ><div class=\"uncont\" ><\/div><\/div><\/div><\/div><\/div><script id=\"script-row-unique-1\" data-row=\"script-row-unique-1\" type=\"text\/javascript\" class=\"vc_controls\">UNCODE.initRow(document.getElementById(\"row-unique-1\"));<\/script><\/div><\/div><\/div>\n<\/div>","protected":false},"excerpt":{"rendered":"Notre activit\u00e9Cruise &amp; Discover est sp\u00e9cialis\u00e9e dans les voyages \u00e0 moto pour le grand public, les professionnels et toute personne [...]","protected":false},"author":1,"featured_media":0,"parent":0,"menu_order":0,"comment_status":"closed","ping_status":"closed","template":"","meta":{"_acf_changed":false,"footnotes":""},"acf":[],"yoast_head":"<!-- This site is optimized with the Yoast SEO plugin v23.0 - https:\/\/yoast.com\/wordpress\/plugins\/seo\/ -->\n<title>L&#039;aventure \u00e0 moto pour les passionn\u00e9s - Cruise &amp; Discover<\/title>\n<meta name=\"description\" content=\"Embarquez vous dans une aventure \u00e0 moto comme vous ne l&#039;avez jamais vue. avec Cruise &amp; Discover d\u00e9couvrez les routes du monde entier.\" \/>\n<meta name=\"robots\" content=\"index, follow, max-snippet:-1, max-image-preview:large, max-video-preview:-1\" \/>\n<link rel=\"canonical\" href=\"https:\/\/cruiseandiscover.com\/en\/\" \/>\n<meta property=\"og:locale\" content=\"en_US\" \/>\n<meta property=\"og:type\" content=\"article\" \/>\n<meta property=\"og:title\" content=\"L&#039;aventure \u00e0 moto pour les passionn\u00e9s - Cruise &amp; Discover\" \/>\n<meta property=\"og:description\" content=\"Embarquez vous dans une aventure \u00e0 moto comme vous ne l&#039;avez jamais vue. avec Cruise &amp; Discover d\u00e9couvrez les routes du monde entier.\" \/>\n<meta property=\"og:url\" content=\"https:\/\/cruiseandiscover.com\/en\/\" \/>\n<meta property=\"og:site_name\" content=\"Cruise &amp; Discover\" \/>\n<meta property=\"article:modified_time\" content=\"2024-07-01T14:51:28+00:00\" \/>\n<meta name=\"twitter:card\" content=\"summary_large_image\" \/>\n<meta name=\"twitter:label1\" content=\"Est. reading time\" \/>\n\t<meta name=\"twitter:data1\" content=\"2 minutes\" \/>\n<script type=\"application\/ld+json\" class=\"yoast-schema-graph\">{\"@context\":\"https:\/\/schema.org\",\"@graph\":[{\"@type\":\"WebPage\",\"@id\":\"https:\/\/cruiseandiscover.com\/\",\"url\":\"https:\/\/cruiseandiscover.com\/\",\"name\":\"L&#039;aventure \u00e0 moto pour les passionn\u00e9s - Cruise &amp; Discover\",\"isPartOf\":{\"@id\":\"https:\/\/cruiseandiscover.com\/#website\"},\"datePublished\":\"2020-03-22T14:24:59+00:00\",\"dateModified\":\"2024-07-01T14:51:28+00:00\",\"description\":\"Embarquez vous dans une aventure \u00e0 moto comme vous ne l'avez jamais vue. avec Cruise & Discover d\u00e9couvrez les routes du monde entier.\",\"breadcrumb\":{\"@id\":\"https:\/\/cruiseandiscover.com\/#breadcrumb\"},\"inLanguage\":\"en-US\",\"potentialAction\":[{\"@type\":\"ReadAction\",\"target\":[\"https:\/\/cruiseandiscover.com\/\"]}]},{\"@type\":\"BreadcrumbList\",\"@id\":\"https:\/\/cruiseandiscover.com\/#breadcrumb\",\"itemListElement\":[{\"@type\":\"ListItem\",\"position\":1,\"name\":\"Accueil\",\"item\":\"https:\/\/cruiseandiscover.com\/\"},{\"@type\":\"ListItem\",\"position\":2,\"name\":\"home\"}]},{\"@type\":\"WebSite\",\"@id\":\"https:\/\/cruiseandiscover.com\/#website\",\"url\":\"https:\/\/cruiseandiscover.com\/\",\"name\":\"Cruise & Discover\",\"description\":\"L&#039;aventure \u00e0 moto pour les passionn\u00e9s\",\"publisher\":{\"@id\":\"https:\/\/cruiseandiscover.com\/#organization\"},\"potentialAction\":[{\"@type\":\"SearchAction\",\"target\":{\"@type\":\"EntryPoint\",\"urlTemplate\":\"https:\/\/cruiseandiscover.com\/?s={search_term_string}\"},\"query-input\":\"required name=search_term_string\"}],\"inLanguage\":\"en-US\"},{\"@type\":\"Organization\",\"@id\":\"https:\/\/cruiseandiscover.com\/#organization\",\"name\":\"Cruise & Discover\",\"url\":\"https:\/\/cruiseandiscover.com\/\",\"logo\":{\"@type\":\"ImageObject\",\"inLanguage\":\"en-US\",\"@id\":\"https:\/\/cruiseandiscover.com\/#\/schema\/logo\/image\/\",\"url\":\"https:\/\/cruiseandiscover.com\/wp-content\/uploads\/2020\/04\/ms-icon-310x310-1.png\",\"contentUrl\":\"https:\/\/cruiseandiscover.com\/wp-content\/uploads\/2020\/04\/ms-icon-310x310-1.png\",\"width\":310,\"height\":310,\"caption\":\"Cruise & Discover\"},\"image\":{\"@id\":\"https:\/\/cruiseandiscover.com\/#\/schema\/logo\/image\/\"}}]}<\/script>\n<!-- \/ Yoast SEO plugin. -->","yoast_head_json":{"title":"L&#039;aventure \u00e0 moto pour les passionn\u00e9s - Cruise &amp; Discover","description":"Embarquez vous dans une aventure \u00e0 moto comme vous ne l'avez jamais vue. avec Cruise & Discover d\u00e9couvrez les routes du monde entier.","robots":{"index":"index","follow":"follow","max-snippet":"max-snippet:-1","max-image-preview":"max-image-preview:large","max-video-preview":"max-video-preview:-1"},"canonical":"https:\/\/cruiseandiscover.com\/en\/","og_locale":"en_US","og_type":"article","og_title":"L&#039;aventure \u00e0 moto pour les passionn\u00e9s - Cruise &amp; Discover","og_description":"Embarquez vous dans une aventure \u00e0 moto comme vous ne l'avez jamais vue. avec Cruise & Discover d\u00e9couvrez les routes du monde entier.","og_url":"https:\/\/cruiseandiscover.com\/en\/","og_site_name":"Cruise &amp; Discover","article_modified_time":"2024-07-01T14:51:28+00:00","twitter_card":"summary_large_image","twitter_misc":{"Est. reading time":"2 minutes"},"schema":{"@context":"https:\/\/schema.org","@graph":[{"@type":"WebPage","@id":"https:\/\/cruiseandiscover.com\/","url":"https:\/\/cruiseandiscover.com\/","name":"L&#039;aventure \u00e0 moto pour les passionn\u00e9s - Cruise &amp; Discover","isPartOf":{"@id":"https:\/\/cruiseandiscover.com\/#website"},"datePublished":"2020-03-22T14:24:59+00:00","dateModified":"2024-07-01T14:51:28+00:00","description":"Embarquez vous dans une aventure \u00e0 moto comme vous ne l'avez jamais vue. avec Cruise & Discover d\u00e9couvrez les routes du monde entier.","breadcrumb":{"@id":"https:\/\/cruiseandiscover.com\/#breadcrumb"},"inLanguage":"en-US","potentialAction":[{"@type":"ReadAction","target":["https:\/\/cruiseandiscover.com\/"]}]},{"@type":"BreadcrumbList","@id":"https:\/\/cruiseandiscover.com\/#breadcrumb","itemListElement":[{"@type":"ListItem","position":1,"name":"Accueil","item":"https:\/\/cruiseandiscover.com\/"},{"@type":"ListItem","position":2,"name":"home"}]},{"@type":"WebSite","@id":"https:\/\/cruiseandiscover.com\/#website","url":"https:\/\/cruiseandiscover.com\/","name":"Cruise & Discover","description":"L&#039;aventure \u00e0 moto pour les passionn\u00e9s","publisher":{"@id":"https:\/\/cruiseandiscover.com\/#organization"},"potentialAction":[{"@type":"SearchAction","target":{"@type":"EntryPoint","urlTemplate":"https:\/\/cruiseandiscover.com\/?s={search_term_string}"},"query-input":"required name=search_term_string"}],"inLanguage":"en-US"},{"@type":"Organization","@id":"https:\/\/cruiseandiscover.com\/#organization","name":"Cruise & Discover","url":"https:\/\/cruiseandiscover.com\/","logo":{"@type":"ImageObject","inLanguage":"en-US","@id":"https:\/\/cruiseandiscover.com\/#\/schema\/logo\/image\/","url":"https:\/\/cruiseandiscover.com\/wp-content\/uploads\/2020\/04\/ms-icon-310x310-1.png","contentUrl":"https:\/\/cruiseandiscover.com\/wp-content\/uploads\/2020\/04\/ms-icon-310x310-1.png","width":310,"height":310,"caption":"Cruise & Discover"},"image":{"@id":"https:\/\/cruiseandiscover.com\/#\/schema\/logo\/image\/"}}]}},"_links":{"self":[{"href":"https:\/\/cruiseandiscover.com\/en\/wp-json\/wp\/v2\/pages\/83786"}],"collection":[{"href":"https:\/\/cruiseandiscover.com\/en\/wp-json\/wp\/v2\/pages"}],"about":[{"href":"https:\/\/cruiseandiscover.com\/en\/wp-json\/wp\/v2\/types\/page"}],"author":[{"embeddable":true,"href":"https:\/\/cruiseandiscover.com\/en\/wp-json\/wp\/v2\/users\/1"}],"replies":[{"embeddable":true,"href":"https:\/\/cruiseandiscover.com\/en\/wp-json\/wp\/v2\/comments?post=83786"}],"version-history":[{"count":169,"href":"https:\/\/cruiseandiscover.com\/en\/wp-json\/wp\/v2\/pages\/83786\/revisions"}],"predecessor-version":[{"id":86492,"href":"https:\/\/cruiseandiscover.com\/en\/wp-json\/wp\/v2\/pages\/83786\/revisions\/86492"}],"wp:attachment":[{"href":"https:\/\/cruiseandiscover.com\/en\/wp-json\/wp\/v2\/media?parent=83786"}],"curies":[{"name":"wp","href":"https:\/\/api.w.org\/{rel}","templated":true}]}}