{"id":85171,"date":"2020-04-28T19:36:52","date_gmt":"2020-04-28T17:36:52","guid":{"rendered":"https:\/\/cruiseandiscover.com\/?page_id=85171"},"modified":"2020-05-04T12:03:08","modified_gmt":"2020-05-04T10:03:08","slug":"societe","status":"publish","type":"page","link":"https:\/\/cruiseandiscover.com\/en\/societe\/","title":{"rendered":"Our company"},"content":{"rendered":"<div class=\"wpb-content-wrapper\"><div data-parent=\"true\" class=\"vc_row row-container\" id=\"row-unique-0\"><div class=\"row limit-width row-parent\"><div class=\"wpb_row row-inner\"><div class=\"wpb_column pos-top pos-center align_left column_parent col-lg-12 single-internal-gutter\"><div class=\"uncol style-light\"  ><div class=\"uncoltable\"><div class=\"uncell no-block-padding\" ><div class=\"uncont\" ><div class=\"vc_row row-internal row-container\"><div class=\"row row-child\"><div class=\"wpb_row row-inner\"><div class=\"wpb_column pos-top pos-center align_left column_child col-lg-12 one-internal-gutter\"><div class=\"uncol style-light\" ><div class=\"uncoltable\"><div class=\"uncell no-block-padding\" ><div class=\"uncont\" ><div class=\"vc_custom_heading_wrap\"><div class=\"heading-text el-text\" ><h2 class=\"h2 text-uppercase\" ><span>Our company<\/p><\/span><span><div id=\"gtx-trans\" style=\"position: absolute; left: -36px; top: -12px;\"><\/span><span><div class=\"gtx-trans-icon\"><\/div><\/span><span><\/div><\/span><span><p><\/span><\/h2><\/div><div class=\"clear\"><\/div><\/div><div class=\"uncode_text_column\" ><p>The different sections to learn more about us:<\/p>\n<\/div><\/div><\/div><\/div><\/div><\/div><\/div><\/div><\/div><div class=\"vc_row row-internal row-container\"><div class=\"row row-child\"><div class=\"wpb_row row-inner\"><div class=\"wpb_column pos-middle pos-center align_center column_child col-lg-4 single-internal-gutter\"><div class=\"uncol style-dark\" ><div class=\"uncoltable\"><div class=\"uncell single-block-padding style-color-580634-bg\" ><div class=\"uncont\" ><div class=\"icon-box icon-box-top\" ><div class=\"icon-box-icon fa-container\" style=\"margin-bottom: 0px;\"><span class=\"text-default-color btn-disable-hover\"><i class=\"fa fa-pen fa-3x fa-fw\"><\/i><\/span><\/div><\/div><span class=\"btn-container\" ><a href=\"https:\/\/cruiseandiscover.com\/en\/philosophie\/\" class=\"custom-link btn border-width-0 btn-default btn-icon-left\" title=\"About us\">Our philosophy<\/a><\/span><\/div><\/div><\/div><\/div><\/div><div class=\"wpb_column pos-middle pos-center align_center column_child col-lg-4 single-internal-gutter\"><div class=\"uncol style-dark\" ><div class=\"uncoltable\"><div class=\"uncell single-block-padding style-color-580634-bg\" ><div class=\"uncont\" ><div class=\"icon-box icon-box-top\" ><div class=\"icon-box-icon fa-container\" style=\"margin-bottom: 0px;\"><span class=\"text-default-color btn-disable-hover\"><i class=\"fa fa-motorcycle fa-3x fa-fw\"><\/i><\/span><\/div><\/div><span class=\"btn-container\" ><a href=\"https:\/\/cruiseandiscover.com\/en\/offre\/\" class=\"custom-link btn border-width-0 btn-default btn-icon-left\" title=\"About us\">Our offer<\/a><\/span><\/div><\/div><\/div><\/div><\/div><div class=\"wpb_column pos-middle pos-center align_center column_child col-lg-4 single-internal-gutter\"><div class=\"uncol style-dark\" ><div class=\"uncoltable\"><div class=\"uncell single-block-padding style-color-580634-bg\" ><div class=\"uncont\" ><div class=\"icon-box icon-box-top\" ><div class=\"icon-box-icon fa-container\" style=\"margin-bottom: 0px;\"><span class=\"text-default-color btn-disable-hover\"><i class=\"fa fa-group fa-3x fa-fw\"><\/i><\/span><\/div><\/div><span class=\"btn-container\" ><a href=\"https:\/\/cruiseandiscover.com\/en\/qui-sommes-nous\/\" class=\"custom-link btn border-width-0 btn-default btn-icon-left\" title=\"About us\">About us<\/a><\/span><\/div><\/div><\/div><\/div><\/div><\/div><\/div><\/div><\/div><\/div><\/div><\/div><\/div><script id=\"script-row-unique-0\" data-row=\"script-row-unique-0\" type=\"text\/javascript\" class=\"vc_controls\">UNCODE.initRow(document.getElementById(\"row-unique-0\"));<\/script><\/div><\/div><\/div>\n<\/div>","protected":false},"excerpt":{"rendered":"Notre soci\u00e9t\u00e9Les diff\u00e9rentes rubriques pour en apprendre davantage sur nous : Notre philosophieNotre offreQui sommes nous ?","protected":false},"author":1,"featured_media":0,"parent":0,"menu_order":0,"comment_status":"closed","ping_status":"closed","template":"","meta":{"_acf_changed":false,"footnotes":""},"acf":[],"yoast_head":"<!-- This site is optimized with the Yoast SEO plugin v23.0 - https:\/\/yoast.com\/wordpress\/plugins\/seo\/ -->\n<title>Notre soci\u00e9t\u00e9 - Cruise &amp; Discover<\/title>\n<meta name=\"robots\" content=\"index, follow, max-snippet:-1, max-image-preview:large, max-video-preview:-1\" \/>\n<link rel=\"canonical\" href=\"https:\/\/cruiseandiscover.com\/en\/societe\/\" \/>\n<meta property=\"og:locale\" content=\"en_US\" \/>\n<meta property=\"og:type\" content=\"article\" \/>\n<meta property=\"og:title\" content=\"Notre soci\u00e9t\u00e9 - Cruise &amp; Discover\" \/>\n<meta property=\"og:url\" content=\"https:\/\/cruiseandiscover.com\/en\/societe\/\" \/>\n<meta property=\"og:site_name\" content=\"Cruise &amp; Discover\" \/>\n<meta property=\"article:modified_time\" content=\"2020-05-04T10:03:08+00:00\" \/>\n<meta name=\"twitter:card\" content=\"summary_large_image\" \/>\n<meta name=\"twitter:label1\" content=\"Est. reading time\" \/>\n\t<meta name=\"twitter:data1\" content=\"1 minute\" \/>\n<script type=\"application\/ld+json\" class=\"yoast-schema-graph\">{\"@context\":\"https:\/\/schema.org\",\"@graph\":[{\"@type\":\"WebPage\",\"@id\":\"https:\/\/cruiseandiscover.com\/societe\/\",\"url\":\"https:\/\/cruiseandiscover.com\/societe\/\",\"name\":\"Notre soci\u00e9t\u00e9 - Cruise &amp; Discover\",\"isPartOf\":{\"@id\":\"https:\/\/cruiseandiscover.com\/#website\"},\"datePublished\":\"2020-04-28T17:36:52+00:00\",\"dateModified\":\"2020-05-04T10:03:08+00:00\",\"breadcrumb\":{\"@id\":\"https:\/\/cruiseandiscover.com\/societe\/#breadcrumb\"},\"inLanguage\":\"en-US\",\"potentialAction\":[{\"@type\":\"ReadAction\",\"target\":[\"https:\/\/cruiseandiscover.com\/societe\/\"]}]},{\"@type\":\"BreadcrumbList\",\"@id\":\"https:\/\/cruiseandiscover.com\/societe\/#breadcrumb\",\"itemListElement\":[{\"@type\":\"ListItem\",\"position\":1,\"name\":\"Accueil\",\"item\":\"https:\/\/cruiseandiscover.com\/\"},{\"@type\":\"ListItem\",\"position\":2,\"name\":\"Notre soci\u00e9t\u00e9\"}]},{\"@type\":\"WebSite\",\"@id\":\"https:\/\/cruiseandiscover.com\/#website\",\"url\":\"https:\/\/cruiseandiscover.com\/\",\"name\":\"Cruise & Discover\",\"description\":\"L&#039;aventure \u00e0 moto pour les passionn\u00e9s\",\"publisher\":{\"@id\":\"https:\/\/cruiseandiscover.com\/#organization\"},\"potentialAction\":[{\"@type\":\"SearchAction\",\"target\":{\"@type\":\"EntryPoint\",\"urlTemplate\":\"https:\/\/cruiseandiscover.com\/?s={search_term_string}\"},\"query-input\":\"required name=search_term_string\"}],\"inLanguage\":\"en-US\"},{\"@type\":\"Organization\",\"@id\":\"https:\/\/cruiseandiscover.com\/#organization\",\"name\":\"Cruise & Discover\",\"url\":\"https:\/\/cruiseandiscover.com\/\",\"logo\":{\"@type\":\"ImageObject\",\"inLanguage\":\"en-US\",\"@id\":\"https:\/\/cruiseandiscover.com\/#\/schema\/logo\/image\/\",\"url\":\"https:\/\/cruiseandiscover.com\/wp-content\/uploads\/2020\/04\/ms-icon-310x310-1.png\",\"contentUrl\":\"https:\/\/cruiseandiscover.com\/wp-content\/uploads\/2020\/04\/ms-icon-310x310-1.png\",\"width\":310,\"height\":310,\"caption\":\"Cruise & Discover\"},\"image\":{\"@id\":\"https:\/\/cruiseandiscover.com\/#\/schema\/logo\/image\/\"}}]}<\/script>\n<!-- \/ Yoast SEO plugin. -->","yoast_head_json":{"title":"Notre soci\u00e9t\u00e9 - Cruise &amp; Discover","robots":{"index":"index","follow":"follow","max-snippet":"max-snippet:-1","max-image-preview":"max-image-preview:large","max-video-preview":"max-video-preview:-1"},"canonical":"https:\/\/cruiseandiscover.com\/en\/societe\/","og_locale":"en_US","og_type":"article","og_title":"Notre soci\u00e9t\u00e9 - Cruise &amp; Discover","og_url":"https:\/\/cruiseandiscover.com\/en\/societe\/","og_site_name":"Cruise &amp; Discover","article_modified_time":"2020-05-04T10:03:08+00:00","twitter_card":"summary_large_image","twitter_misc":{"Est. reading time":"1 minute"},"schema":{"@context":"https:\/\/schema.org","@graph":[{"@type":"WebPage","@id":"https:\/\/cruiseandiscover.com\/societe\/","url":"https:\/\/cruiseandiscover.com\/societe\/","name":"Notre soci\u00e9t\u00e9 - Cruise &amp; Discover","isPartOf":{"@id":"https:\/\/cruiseandiscover.com\/#website"},"datePublished":"2020-04-28T17:36:52+00:00","dateModified":"2020-05-04T10:03:08+00:00","breadcrumb":{"@id":"https:\/\/cruiseandiscover.com\/societe\/#breadcrumb"},"inLanguage":"en-US","potentialAction":[{"@type":"ReadAction","target":["https:\/\/cruiseandiscover.com\/societe\/"]}]},{"@type":"BreadcrumbList","@id":"https:\/\/cruiseandiscover.com\/societe\/#breadcrumb","itemListElement":[{"@type":"ListItem","position":1,"name":"Accueil","item":"https:\/\/cruiseandiscover.com\/"},{"@type":"ListItem","position":2,"name":"Notre soci\u00e9t\u00e9"}]},{"@type":"WebSite","@id":"https:\/\/cruiseandiscover.com\/#website","url":"https:\/\/cruiseandiscover.com\/","name":"Cruise & Discover","description":"L&#039;aventure \u00e0 moto pour les passionn\u00e9s","publisher":{"@id":"https:\/\/cruiseandiscover.com\/#organization"},"potentialAction":[{"@type":"SearchAction","target":{"@type":"EntryPoint","urlTemplate":"https:\/\/cruiseandiscover.com\/?s={search_term_string}"},"query-input":"required name=search_term_string"}],"inLanguage":"en-US"},{"@type":"Organization","@id":"https:\/\/cruiseandiscover.com\/#organization","name":"Cruise & Discover","url":"https:\/\/cruiseandiscover.com\/","logo":{"@type":"ImageObject","inLanguage":"en-US","@id":"https:\/\/cruiseandiscover.com\/#\/schema\/logo\/image\/","url":"https:\/\/cruiseandiscover.com\/wp-content\/uploads\/2020\/04\/ms-icon-310x310-1.png","contentUrl":"https:\/\/cruiseandiscover.com\/wp-content\/uploads\/2020\/04\/ms-icon-310x310-1.png","width":310,"height":310,"caption":"Cruise & Discover"},"image":{"@id":"https:\/\/cruiseandiscover.com\/#\/schema\/logo\/image\/"}}]}},"_links":{"self":[{"href":"https:\/\/cruiseandiscover.com\/en\/wp-json\/wp\/v2\/pages\/85171"}],"collection":[{"href":"https:\/\/cruiseandiscover.com\/en\/wp-json\/wp\/v2\/pages"}],"about":[{"href":"https:\/\/cruiseandiscover.com\/en\/wp-json\/wp\/v2\/types\/page"}],"author":[{"embeddable":true,"href":"https:\/\/cruiseandiscover.com\/en\/wp-json\/wp\/v2\/users\/1"}],"replies":[{"embeddable":true,"href":"https:\/\/cruiseandiscover.com\/en\/wp-json\/wp\/v2\/comments?post=85171"}],"version-history":[{"count":12,"href":"https:\/\/cruiseandiscover.com\/en\/wp-json\/wp\/v2\/pages\/85171\/revisions"}],"predecessor-version":[{"id":85257,"href":"https:\/\/cruiseandiscover.com\/en\/wp-json\/wp\/v2\/pages\/85171\/revisions\/85257"}],"wp:attachment":[{"href":"https:\/\/cruiseandiscover.com\/en\/wp-json\/wp\/v2\/media?parent=85171"}],"curies":[{"name":"wp","href":"https:\/\/api.w.org\/{rel}","templated":true}]}}