{"id":85248,"date":"2020-04-29T01:47:36","date_gmt":"2020-04-28T23:47:36","guid":{"rendered":"https:\/\/cruiseandiscover.com\/?page_id=85248"},"modified":"2024-06-19T15:48:57","modified_gmt":"2024-06-19T13:48:57","slug":"voyages","status":"publish","type":"page","link":"https:\/\/cruiseandiscover.com\/en\/voyages\/","title":{"rendered":"Our trips"},"content":{"rendered":"<div class=\"wpb-content-wrapper\"><div data-parent=\"true\" class=\"vc_row row-container\" id=\"row-unique-0\"><div class=\"row limit-width row-parent\"><div class=\"wpb_row row-inner\"><div class=\"wpb_column pos-top pos-center align_left column_parent col-lg-12 single-internal-gutter\"><div class=\"uncol style-light\"  ><div class=\"uncoltable\"><div class=\"uncell no-block-padding\" ><div class=\"uncont\" ><div class=\"vc_row row-internal row-container\"><div class=\"row row-child\"><div class=\"wpb_row row-inner\"><div class=\"wpb_column pos-top pos-center align_left column_child col-lg-12 one-internal-gutter\"><div class=\"uncol style-light\" ><div class=\"uncoltable\"><div class=\"uncell no-block-padding\" ><div class=\"uncont\" ><div class=\"vc_custom_heading_wrap\"><div class=\"heading-text el-text\" ><h2 class=\"h2 text-uppercase\" ><span>Our trips<\/p><\/span><span><div id=\"gtx-trans\" style=\"position: absolute; left: -46px; top: -12px;\"><\/span><span><div class=\"gtx-trans-icon\"><\/div><\/span><span><\/div><\/span><span><p><\/span><\/h2><\/div><div class=\"clear\"><\/div><\/div><div class=\"uncode_text_column\" ><p>Discover all our trips through our catalog of upcoming trips and our past trips.<\/p>\n<\/div><div class=\"empty-space empty-single\" ><span class=\"empty-space-inner\"><\/span><\/div>\n<\/div><\/div><\/div><\/div><\/div><\/div><\/div><\/div><div class=\"vc_row row-internal row-container\"><div class=\"row unequal row-child\"><div class=\"wpb_row row-inner\"><div class=\"wpb_column pos-top pos-center align_center column_child col-lg-4 single-internal-gutter\"><div class=\"uncol style-dark\" ><div class=\"uncoltable\"><div class=\"uncell border-color-xsdn-color single-block-padding style-color-jevc-bg\" ><div class=\"column-background background-element\" style=\"opacity: 1;\">\n\t\t\t\t\t\t\t\t\t\t\t<div class=\"background-wrapper\">\n\t\t\t\t\t\t\t\t\t\t\t\t<div class=\"background-inner\"><\/div>\n\t\t\t\t\t\t\t\t\t\t\t\t<div class=\"block-bg-overlay style-accent-bg\" style=\"opacity: 0.5;\"><\/div>\n\t\t\t\t\t\t\t\t\t\t\t<\/div>\n\t\t\t\t\t\t\t\t\t\t<\/div><div class=\"uncont\" ><div class=\"vc_custom_heading_wrap\"><div class=\"heading-text el-text\" ><\/p>\n<h2>Notre carnet de voyage<\/h2>\n<p>\n<\/div><div class=\"clear\"><\/div><\/div><span class=\"btn-container\" ><a href=\"https:\/\/cruiseandiscover.com\/en\/carnet-aventure\/\" class=\"custom-link btn border-width-0 btn-default btn-icon-left\" title=\"Adventure booklet\">Our past trips<\/a><\/span><\/div><\/div><\/div><\/div><\/div><div class=\"wpb_column pos-top pos-center align_center column_child col-lg-4 single-internal-gutter\"><div class=\"uncol style-dark\" ><div class=\"uncoltable\"><div class=\"uncell single-block-padding style-color-jevc-bg\" ><div class=\"column-background background-element\" style=\"opacity: 1;\">\n\t\t\t\t\t\t\t\t\t\t\t<div class=\"background-wrapper\">\n\t\t\t\t\t\t\t\t\t\t\t\t<div class=\"background-inner\"><\/div>\n\t\t\t\t\t\t\t\t\t\t\t\t<div class=\"block-bg-overlay style-accent-bg\" style=\"opacity: 0.5;\"><\/div>\n\t\t\t\t\t\t\t\t\t\t\t<\/div>\n\t\t\t\t\t\t\t\t\t\t<\/div><div class=\"uncont\" ><div class=\"vc_custom_heading_wrap\"><div class=\"heading-text el-text\" ><\/p>\n<h2>Nos voyages \u00e0 venir en France<\/h2>\n<div id=\"gtx-trans\" style=\"position: absolute; left: 85px; top: 33px;\">\n<div class=\"gtx-trans-icon\"><\/div>\n<\/div>\n<p>\n<\/div><div class=\"clear\"><\/div><\/div><span class=\"btn-container\" ><a href=\"https:\/\/cruiseandiscover.com\/en\/catalogue\/\" class=\"custom-link btn border-width-0 btn-default btn-icon-left\" title=\"Catalog\">Nos voyages \u00e0 venir en France<\/a><\/span><\/div><\/div><\/div><\/div><\/div><div class=\"wpb_column pos-top pos-center align_center column_child col-lg-4 single-internal-gutter\"><div class=\"uncol style-dark\" ><div class=\"uncoltable\"><div class=\"uncell single-block-padding style-color-jevc-bg\" ><div class=\"column-background background-element\" style=\"opacity: 1;\">\n\t\t\t\t\t\t\t\t\t\t\t<div class=\"background-wrapper\">\n\t\t\t\t\t\t\t\t\t\t\t\t<div class=\"background-inner\"><\/div>\n\t\t\t\t\t\t\t\t\t\t\t\t<div class=\"block-bg-overlay style-accent-bg\" style=\"opacity: 0.5;\"><\/div>\n\t\t\t\t\t\t\t\t\t\t\t<\/div>\n\t\t\t\t\t\t\t\t\t\t<\/div><div class=\"uncont\" ><div class=\"vc_custom_heading_wrap\"><div class=\"heading-text el-text\" ><\/p>\n<h2>Nos voyages \u00e0 venir \u00e0 l&rsquo;\u00e9tranger<\/h2>\n<p>\n<\/div><div class=\"clear\"><\/div><\/div><span class=\"btn-container\" ><a href=\"https:\/\/cruiseandiscover.com\/en\/catalogue-2\/\" class=\"custom-link btn border-width-0 btn-default btn-icon-left\" title=\"Catalogue_Etranger\">Nos voyages \u00e0 venir \u00e0 l&rsquo;\u00e9tranger<\/a><\/span><\/div><\/div><\/div><\/div><\/div><\/div><\/div><\/div><\/div><\/div><\/div><\/div><\/div><script id=\"script-row-unique-0\" data-row=\"script-row-unique-0\" type=\"text\/javascript\" class=\"vc_controls\">UNCODE.initRow(document.getElementById(\"row-unique-0\"));<\/script><\/div><\/div><\/div>\n<\/div>","protected":false},"excerpt":{"rendered":"Nos voyagesD\u00e9couvrez l\u2019ensemble de nos voyages \u00e0 travers notre catalogue de voyages \u00e0 venir et nos voyages pass\u00e9s. Notre carnet [...]","protected":false},"author":1,"featured_media":0,"parent":0,"menu_order":0,"comment_status":"closed","ping_status":"closed","template":"","meta":{"_acf_changed":false,"footnotes":""},"acf":[],"yoast_head":"<!-- This site is optimized with the Yoast SEO plugin v23.0 - https:\/\/yoast.com\/wordpress\/plugins\/seo\/ -->\n<title>Nos voyages - Cruise &amp; Discover<\/title>\n<meta name=\"robots\" content=\"index, follow, max-snippet:-1, max-image-preview:large, max-video-preview:-1\" \/>\n<link rel=\"canonical\" href=\"https:\/\/cruiseandiscover.com\/en\/voyages\/\" \/>\n<meta property=\"og:locale\" content=\"en_US\" \/>\n<meta property=\"og:type\" content=\"article\" \/>\n<meta property=\"og:title\" content=\"Nos voyages - Cruise &amp; Discover\" \/>\n<meta property=\"og:url\" content=\"https:\/\/cruiseandiscover.com\/en\/voyages\/\" \/>\n<meta property=\"og:site_name\" content=\"Cruise &amp; Discover\" \/>\n<meta property=\"article:modified_time\" content=\"2024-06-19T13:48:57+00:00\" \/>\n<meta name=\"twitter:card\" content=\"summary_large_image\" \/>\n<meta name=\"twitter:label1\" content=\"Est. reading time\" \/>\n\t<meta name=\"twitter:data1\" content=\"1 minute\" \/>\n<script type=\"application\/ld+json\" class=\"yoast-schema-graph\">{\"@context\":\"https:\/\/schema.org\",\"@graph\":[{\"@type\":\"WebPage\",\"@id\":\"https:\/\/cruiseandiscover.com\/voyages\/\",\"url\":\"https:\/\/cruiseandiscover.com\/voyages\/\",\"name\":\"Nos voyages - Cruise &amp; Discover\",\"isPartOf\":{\"@id\":\"https:\/\/cruiseandiscover.com\/#website\"},\"datePublished\":\"2020-04-28T23:47:36+00:00\",\"dateModified\":\"2024-06-19T13:48:57+00:00\",\"breadcrumb\":{\"@id\":\"https:\/\/cruiseandiscover.com\/voyages\/#breadcrumb\"},\"inLanguage\":\"en-US\",\"potentialAction\":[{\"@type\":\"ReadAction\",\"target\":[\"https:\/\/cruiseandiscover.com\/voyages\/\"]}]},{\"@type\":\"BreadcrumbList\",\"@id\":\"https:\/\/cruiseandiscover.com\/voyages\/#breadcrumb\",\"itemListElement\":[{\"@type\":\"ListItem\",\"position\":1,\"name\":\"Accueil\",\"item\":\"https:\/\/cruiseandiscover.com\/\"},{\"@type\":\"ListItem\",\"position\":2,\"name\":\"Nos voyages\"}]},{\"@type\":\"WebSite\",\"@id\":\"https:\/\/cruiseandiscover.com\/#website\",\"url\":\"https:\/\/cruiseandiscover.com\/\",\"name\":\"Cruise & Discover\",\"description\":\"L&#039;aventure \u00e0 moto pour les passionn\u00e9s\",\"publisher\":{\"@id\":\"https:\/\/cruiseandiscover.com\/#organization\"},\"potentialAction\":[{\"@type\":\"SearchAction\",\"target\":{\"@type\":\"EntryPoint\",\"urlTemplate\":\"https:\/\/cruiseandiscover.com\/?s={search_term_string}\"},\"query-input\":\"required name=search_term_string\"}],\"inLanguage\":\"en-US\"},{\"@type\":\"Organization\",\"@id\":\"https:\/\/cruiseandiscover.com\/#organization\",\"name\":\"Cruise & Discover\",\"url\":\"https:\/\/cruiseandiscover.com\/\",\"logo\":{\"@type\":\"ImageObject\",\"inLanguage\":\"en-US\",\"@id\":\"https:\/\/cruiseandiscover.com\/#\/schema\/logo\/image\/\",\"url\":\"https:\/\/cruiseandiscover.com\/wp-content\/uploads\/2020\/04\/ms-icon-310x310-1.png\",\"contentUrl\":\"https:\/\/cruiseandiscover.com\/wp-content\/uploads\/2020\/04\/ms-icon-310x310-1.png\",\"width\":310,\"height\":310,\"caption\":\"Cruise & Discover\"},\"image\":{\"@id\":\"https:\/\/cruiseandiscover.com\/#\/schema\/logo\/image\/\"}}]}<\/script>\n<!-- \/ Yoast SEO plugin. -->","yoast_head_json":{"title":"Nos voyages - Cruise &amp; Discover","robots":{"index":"index","follow":"follow","max-snippet":"max-snippet:-1","max-image-preview":"max-image-preview:large","max-video-preview":"max-video-preview:-1"},"canonical":"https:\/\/cruiseandiscover.com\/en\/voyages\/","og_locale":"en_US","og_type":"article","og_title":"Nos voyages - Cruise &amp; Discover","og_url":"https:\/\/cruiseandiscover.com\/en\/voyages\/","og_site_name":"Cruise &amp; Discover","article_modified_time":"2024-06-19T13:48:57+00:00","twitter_card":"summary_large_image","twitter_misc":{"Est. reading time":"1 minute"},"schema":{"@context":"https:\/\/schema.org","@graph":[{"@type":"WebPage","@id":"https:\/\/cruiseandiscover.com\/voyages\/","url":"https:\/\/cruiseandiscover.com\/voyages\/","name":"Nos voyages - Cruise &amp; Discover","isPartOf":{"@id":"https:\/\/cruiseandiscover.com\/#website"},"datePublished":"2020-04-28T23:47:36+00:00","dateModified":"2024-06-19T13:48:57+00:00","breadcrumb":{"@id":"https:\/\/cruiseandiscover.com\/voyages\/#breadcrumb"},"inLanguage":"en-US","potentialAction":[{"@type":"ReadAction","target":["https:\/\/cruiseandiscover.com\/voyages\/"]}]},{"@type":"BreadcrumbList","@id":"https:\/\/cruiseandiscover.com\/voyages\/#breadcrumb","itemListElement":[{"@type":"ListItem","position":1,"name":"Accueil","item":"https:\/\/cruiseandiscover.com\/"},{"@type":"ListItem","position":2,"name":"Nos voyages"}]},{"@type":"WebSite","@id":"https:\/\/cruiseandiscover.com\/#website","url":"https:\/\/cruiseandiscover.com\/","name":"Cruise & Discover","description":"L&#039;aventure \u00e0 moto pour les passionn\u00e9s","publisher":{"@id":"https:\/\/cruiseandiscover.com\/#organization"},"potentialAction":[{"@type":"SearchAction","target":{"@type":"EntryPoint","urlTemplate":"https:\/\/cruiseandiscover.com\/?s={search_term_string}"},"query-input":"required name=search_term_string"}],"inLanguage":"en-US"},{"@type":"Organization","@id":"https:\/\/cruiseandiscover.com\/#organization","name":"Cruise & Discover","url":"https:\/\/cruiseandiscover.com\/","logo":{"@type":"ImageObject","inLanguage":"en-US","@id":"https:\/\/cruiseandiscover.com\/#\/schema\/logo\/image\/","url":"https:\/\/cruiseandiscover.com\/wp-content\/uploads\/2020\/04\/ms-icon-310x310-1.png","contentUrl":"https:\/\/cruiseandiscover.com\/wp-content\/uploads\/2020\/04\/ms-icon-310x310-1.png","width":310,"height":310,"caption":"Cruise & Discover"},"image":{"@id":"https:\/\/cruiseandiscover.com\/#\/schema\/logo\/image\/"}}]}},"_links":{"self":[{"href":"https:\/\/cruiseandiscover.com\/en\/wp-json\/wp\/v2\/pages\/85248"}],"collection":[{"href":"https:\/\/cruiseandiscover.com\/en\/wp-json\/wp\/v2\/pages"}],"about":[{"href":"https:\/\/cruiseandiscover.com\/en\/wp-json\/wp\/v2\/types\/page"}],"author":[{"embeddable":true,"href":"https:\/\/cruiseandiscover.com\/en\/wp-json\/wp\/v2\/users\/1"}],"replies":[{"embeddable":true,"href":"https:\/\/cruiseandiscover.com\/en\/wp-json\/wp\/v2\/comments?post=85248"}],"version-history":[{"count":16,"href":"https:\/\/cruiseandiscover.com\/en\/wp-json\/wp\/v2\/pages\/85248\/revisions"}],"predecessor-version":[{"id":86292,"href":"https:\/\/cruiseandiscover.com\/en\/wp-json\/wp\/v2\/pages\/85248\/revisions\/86292"}],"wp:attachment":[{"href":"https:\/\/cruiseandiscover.com\/en\/wp-json\/wp\/v2\/media?parent=85248"}],"curies":[{"name":"wp","href":"https:\/\/api.w.org\/{rel}","templated":true}]}}