{"id":85884,"date":"2020-11-11T19:24:07","date_gmt":"2020-11-11T18:24:07","guid":{"rendered":"https:\/\/cruiseandiscover.com\/?page_id=85884"},"modified":"2020-11-11T19:28:09","modified_gmt":"2020-11-11T18:28:09","slug":"mentions-legales","status":"publish","type":"page","link":"https:\/\/cruiseandiscover.com\/en\/mentions-legales\/","title":{"rendered":"Legal mentions"},"content":{"rendered":"<div class=\"wpb-content-wrapper\"><div data-parent=\"true\" class=\"vc_row row-container\" id=\"row-unique-0\"><div class=\"row no-top-padding no-bottom-padding single-h-padding limit-width row-parent\"><div class=\"wpb_row row-inner\"><div class=\"wpb_column pos-top pos-center align_left column_parent col-lg-12 double-internal-gutter z_index_1\"><div class=\"uncol style-light\"  ><div class=\"uncoltable\"><div class=\"uncell no-block-padding\" ><div class=\"uncont\" ><div class=\"vc_row row-internal row-container\"><div class=\"row col-double-gutter row-child\"><div class=\"wpb_row row-inner\"><div class=\"wpb_column pos-top pos-center align_left column_child col-lg-12 single-internal-gutter\"><div class=\"uncol style-light sticky-element sticky-sidebar\" ><div class=\"uncoltable\"><div class=\"uncell  vc_custom_1586784004306 single-block-padding style-color-xsdn-bg unshadow-lg\" style=\"padding-bottom: 50px ;\" ><div class=\"uncont\" ><div class=\"vc_custom_heading_wrap\"><div class=\"heading-text el-text\" ><h2 class=\"h2\" ><span>Editeur<\/span><\/h2><\/div><div class=\"clear\"><\/div><\/div><div class=\"uncode_text_column\" ><p>Cruise &amp; Discover est une marque de la soci\u00e9t\u00e9 Kar Management SARL. Ce site est \u00e9dit\u00e9 par Kar Management SARL, Soci\u00e9t\u00e9 \u00e0 responsabilit\u00e9 limit\u00e9e au capital de 7.500 \u20ac, inscrite au registre du commerce et des soci\u00e9t\u00e9s de Nanterre sous le num\u00e9ro 450 667 019, NAF 7022Z, num\u00e9ro de TVA intracommunautaire FR 34\u00a0450 667 019 et dont le si\u00e8ge social est situ\u00e9 au 15 rue de Paris, 92100 Boulogne. T\u00e9l\u00e9phone : 06 12 29 71 63. Kar Management SARL est en attente du num\u00e9ro d\u2019Immatriculation Atout France et est assur\u00e9e aupr\u00e8s de Lloyds Assurances RCP, contrat n\u00b0 B6112BSLFR20 (tous dommages confondus \u00e0 hauteur de 8.000.000 \u20ac). Le directeur de la publication est Monsieur Darik de Brie, en sa qualit\u00e9 de Directeur des op\u00e9rations.<\/p>\n<\/div><div class=\"vc_custom_heading_wrap\"><div class=\"heading-text el-text\" ><h2 class=\"h2\" ><span>Propri\u00e9t\u00e9 Intellectuelle<\/span><\/h2><\/div><div class=\"clear\"><\/div><\/div><div class=\"uncode_text_column\" ><p>Toute repr\u00e9sentation totale ou partielle de ce site ou de son contenu (structure g\u00e9n\u00e9rale, textes, sons, vid\u00e9os, logos, images anim\u00e9es ou non), par quelques proc\u00e9d\u00e9s que ce soit, sans autorisation pr\u00e9alable et express de Kar Management SARL est interdite et constituerait une contrefa\u00e7on sanctionn\u00e9e par le code de la Propri\u00e9t\u00e9 Intellectuelle.<\/p>\n<\/div><div class=\"vc_custom_heading_wrap\"><div class=\"heading-text el-text\" ><h2 class=\"h2\" ><span>Donn\u00e9es Personnelles<\/span><\/h2><\/div><div class=\"clear\"><\/div><\/div><div class=\"uncode_text_column\" ><p>Les informations recueillies font l\u2019objet d\u2019un traitement informatique destin\u00e9 \u00e0 Kar Management SARL mais elles peuvent \u00eatre transmises \u00e0 des tiers. Cette collecte fera l\u2019objet d\u2019une d\u00e9claration \u00e0 la CNIL. Conform\u00e9ment \u00e0 la loi \u00ab informatique et libert\u00e9s \u00bb du 6 janvier 1978 modifi\u00e9e en 2004, vous b\u00e9n\u00e9ficiez d\u2019un droit d\u2019acc\u00e8s et de rectification aux informations qui vous concernent, que vous pouvez exercer en vous adressant \u00e0 \u00ab Kar Management SARL &#8211; Donn\u00e9es Personnelles \u2013 15 rue Paris, 92100 Boulogne \u00bb. Vous pouvez \u00e9galement, pour des motifs l\u00e9gitimes, vous opposer au traitement des donn\u00e9es vous concernant.<\/p>\n<\/div><div class=\"vc_custom_heading_wrap\"><div class=\"heading-text el-text\" ><h2 class=\"h2\" ><span>Contacts &amp; Questions Techniques<\/span><\/h2><\/div><div class=\"clear\"><\/div><\/div><div class=\"uncode_text_column\" ><p>&#8211; Pour toutes vos questions :\u00a0<a href=\"mailto:contact@cruiseandiscover.com\">contact@cruiseandiscover.com<\/a><br \/>\n&#8211; Pour les questions techniques li\u00e9es \u00e0 ce site : <a href=\"mailto:contact@kar-management.com\">contact@kar-management.com<\/a><\/p>\n<\/div><div class=\"vc_custom_heading_wrap\"><div class=\"heading-text el-text\" ><h2 class=\"h2\" ><span>H\u00e9bergement<\/span><\/h2><\/div><div class=\"clear\"><\/div><\/div><div class=\"uncode_text_column\" ><p>Ce site est h\u00e9berg\u00e9 par la soci\u00e9t\u00e9 OVH SAS au capital de 10 069 020 \u20ac RCS Roubaix &#8211; Tourcoing 424 761 419 00045 &#8211; Code APE 2620Z &#8211; N\u00b0 TVA : FR 22 424 761 419 dont le si\u00e8ge social est situ\u00e9 au 2 rue Kellermann 59100 Roubaix &#8211; France. (T\u00e9l\u00e9phone : +33 9 72 10 10 07).<\/p>\n<\/div><\/div><\/div><\/div><\/div><\/div><\/div><\/div><\/div><\/div><\/div><\/div><\/div><\/div><script id=\"script-row-unique-0\" data-row=\"script-row-unique-0\" type=\"text\/javascript\" class=\"vc_controls\">UNCODE.initRow(document.getElementById(\"row-unique-0\"));<\/script><\/div><\/div><\/div>\n<\/div>","protected":false},"excerpt":{"rendered":"EditeurCruise &amp; Discover est une marque de la soci\u00e9t\u00e9 Kar Management SARL. Ce site est \u00e9dit\u00e9 par Kar Management SARL, [...]","protected":false},"author":2,"featured_media":84973,"parent":0,"menu_order":0,"comment_status":"closed","ping_status":"closed","template":"","meta":{"_acf_changed":false,"footnotes":""},"acf":[],"yoast_head":"<!-- This site is optimized with the Yoast SEO plugin v23.0 - https:\/\/yoast.com\/wordpress\/plugins\/seo\/ -->\n<title>Mentions L\u00e9gales - D\u00e9couvrez Cruise &amp; Discover<\/title>\n<meta name=\"description\" content=\"Cruise &amp; Discover propose des voyages aventure a\u0300 moto, et associe voyage, de\u0301couverte de re\u0301gions insolites et aventure humaine inoubliable\" \/>\n<meta name=\"robots\" content=\"index, follow, max-snippet:-1, max-image-preview:large, max-video-preview:-1\" \/>\n<link rel=\"canonical\" href=\"https:\/\/cruiseandiscover.com\/en\/mentions-legales\/\" \/>\n<meta property=\"og:locale\" content=\"en_US\" \/>\n<meta property=\"og:type\" content=\"article\" \/>\n<meta property=\"og:title\" content=\"Mentions L\u00e9gales - D\u00e9couvrez Cruise &amp; Discover\" \/>\n<meta property=\"og:description\" content=\"Cruise &amp; Discover propose des voyages aventure a\u0300 moto, et associe voyage, de\u0301couverte de re\u0301gions insolites et aventure humaine inoubliable\" \/>\n<meta property=\"og:url\" content=\"https:\/\/cruiseandiscover.com\/en\/mentions-legales\/\" \/>\n<meta property=\"og:site_name\" content=\"Cruise &amp; Discover\" \/>\n<meta property=\"article:modified_time\" content=\"2020-11-11T18:28:09+00:00\" \/>\n<meta property=\"og:image\" content=\"https:\/\/cruiseandiscover.com\/wp-content\/uploads\/2020\/04\/USA-64.jpg\" \/>\n\t<meta property=\"og:image:width\" content=\"893\" \/>\n\t<meta property=\"og:image:height\" content=\"596\" \/>\n\t<meta property=\"og:image:type\" content=\"image\/jpeg\" \/>\n<meta name=\"twitter:card\" content=\"summary_large_image\" \/>\n<meta name=\"twitter:label1\" content=\"Est. reading time\" \/>\n\t<meta name=\"twitter:data1\" content=\"3 minutes\" \/>\n<script type=\"application\/ld+json\" class=\"yoast-schema-graph\">{\"@context\":\"https:\/\/schema.org\",\"@graph\":[{\"@type\":\"WebPage\",\"@id\":\"https:\/\/cruiseandiscover.com\/mentions-legales\/\",\"url\":\"https:\/\/cruiseandiscover.com\/mentions-legales\/\",\"name\":\"Mentions L\u00e9gales - D\u00e9couvrez Cruise &amp; Discover\",\"isPartOf\":{\"@id\":\"https:\/\/cruiseandiscover.com\/#website\"},\"primaryImageOfPage\":{\"@id\":\"https:\/\/cruiseandiscover.com\/mentions-legales\/#primaryimage\"},\"image\":{\"@id\":\"https:\/\/cruiseandiscover.com\/mentions-legales\/#primaryimage\"},\"thumbnailUrl\":\"https:\/\/cruiseandiscover.com\/wp-content\/uploads\/2020\/04\/USA-64.jpg\",\"datePublished\":\"2020-11-11T18:24:07+00:00\",\"dateModified\":\"2020-11-11T18:28:09+00:00\",\"description\":\"Cruise & Discover propose des voyages aventure a\u0300 moto, et associe voyage, de\u0301couverte de re\u0301gions insolites et aventure humaine inoubliable\",\"breadcrumb\":{\"@id\":\"https:\/\/cruiseandiscover.com\/mentions-legales\/#breadcrumb\"},\"inLanguage\":\"en-US\",\"potentialAction\":[{\"@type\":\"ReadAction\",\"target\":[\"https:\/\/cruiseandiscover.com\/mentions-legales\/\"]}]},{\"@type\":\"ImageObject\",\"inLanguage\":\"en-US\",\"@id\":\"https:\/\/cruiseandiscover.com\/mentions-legales\/#primaryimage\",\"url\":\"https:\/\/cruiseandiscover.com\/wp-content\/uploads\/2020\/04\/USA-64.jpg\",\"contentUrl\":\"https:\/\/cruiseandiscover.com\/wp-content\/uploads\/2020\/04\/USA-64.jpg\",\"width\":893,\"height\":596},{\"@type\":\"BreadcrumbList\",\"@id\":\"https:\/\/cruiseandiscover.com\/mentions-legales\/#breadcrumb\",\"itemListElement\":[{\"@type\":\"ListItem\",\"position\":1,\"name\":\"Accueil\",\"item\":\"https:\/\/cruiseandiscover.com\/\"},{\"@type\":\"ListItem\",\"position\":2,\"name\":\"Mentions L\u00e9gales\"}]},{\"@type\":\"WebSite\",\"@id\":\"https:\/\/cruiseandiscover.com\/#website\",\"url\":\"https:\/\/cruiseandiscover.com\/\",\"name\":\"Cruise & Discover\",\"description\":\"L&#039;aventure \u00e0 moto pour les passionn\u00e9s\",\"publisher\":{\"@id\":\"https:\/\/cruiseandiscover.com\/#organization\"},\"potentialAction\":[{\"@type\":\"SearchAction\",\"target\":{\"@type\":\"EntryPoint\",\"urlTemplate\":\"https:\/\/cruiseandiscover.com\/?s={search_term_string}\"},\"query-input\":\"required name=search_term_string\"}],\"inLanguage\":\"en-US\"},{\"@type\":\"Organization\",\"@id\":\"https:\/\/cruiseandiscover.com\/#organization\",\"name\":\"Cruise & Discover\",\"url\":\"https:\/\/cruiseandiscover.com\/\",\"logo\":{\"@type\":\"ImageObject\",\"inLanguage\":\"en-US\",\"@id\":\"https:\/\/cruiseandiscover.com\/#\/schema\/logo\/image\/\",\"url\":\"https:\/\/cruiseandiscover.com\/wp-content\/uploads\/2020\/04\/ms-icon-310x310-1.png\",\"contentUrl\":\"https:\/\/cruiseandiscover.com\/wp-content\/uploads\/2020\/04\/ms-icon-310x310-1.png\",\"width\":310,\"height\":310,\"caption\":\"Cruise & Discover\"},\"image\":{\"@id\":\"https:\/\/cruiseandiscover.com\/#\/schema\/logo\/image\/\"}}]}<\/script>\n<!-- \/ Yoast SEO plugin. -->","yoast_head_json":{"title":"Mentions L\u00e9gales - D\u00e9couvrez Cruise &amp; Discover","description":"Cruise & Discover propose des voyages aventure a\u0300 moto, et associe voyage, de\u0301couverte de re\u0301gions insolites et aventure humaine inoubliable","robots":{"index":"index","follow":"follow","max-snippet":"max-snippet:-1","max-image-preview":"max-image-preview:large","max-video-preview":"max-video-preview:-1"},"canonical":"https:\/\/cruiseandiscover.com\/en\/mentions-legales\/","og_locale":"en_US","og_type":"article","og_title":"Mentions L\u00e9gales - D\u00e9couvrez Cruise &amp; Discover","og_description":"Cruise & Discover propose des voyages aventure a\u0300 moto, et associe voyage, de\u0301couverte de re\u0301gions insolites et aventure humaine inoubliable","og_url":"https:\/\/cruiseandiscover.com\/en\/mentions-legales\/","og_site_name":"Cruise &amp; Discover","article_modified_time":"2020-11-11T18:28:09+00:00","og_image":[{"width":893,"height":596,"url":"https:\/\/cruiseandiscover.com\/wp-content\/uploads\/2020\/04\/USA-64.jpg","type":"image\/jpeg"}],"twitter_card":"summary_large_image","twitter_misc":{"Est. reading time":"3 minutes"},"schema":{"@context":"https:\/\/schema.org","@graph":[{"@type":"WebPage","@id":"https:\/\/cruiseandiscover.com\/mentions-legales\/","url":"https:\/\/cruiseandiscover.com\/mentions-legales\/","name":"Mentions L\u00e9gales - D\u00e9couvrez Cruise &amp; Discover","isPartOf":{"@id":"https:\/\/cruiseandiscover.com\/#website"},"primaryImageOfPage":{"@id":"https:\/\/cruiseandiscover.com\/mentions-legales\/#primaryimage"},"image":{"@id":"https:\/\/cruiseandiscover.com\/mentions-legales\/#primaryimage"},"thumbnailUrl":"https:\/\/cruiseandiscover.com\/wp-content\/uploads\/2020\/04\/USA-64.jpg","datePublished":"2020-11-11T18:24:07+00:00","dateModified":"2020-11-11T18:28:09+00:00","description":"Cruise & Discover propose des voyages aventure a\u0300 moto, et associe voyage, de\u0301couverte de re\u0301gions insolites et aventure humaine inoubliable","breadcrumb":{"@id":"https:\/\/cruiseandiscover.com\/mentions-legales\/#breadcrumb"},"inLanguage":"en-US","potentialAction":[{"@type":"ReadAction","target":["https:\/\/cruiseandiscover.com\/mentions-legales\/"]}]},{"@type":"ImageObject","inLanguage":"en-US","@id":"https:\/\/cruiseandiscover.com\/mentions-legales\/#primaryimage","url":"https:\/\/cruiseandiscover.com\/wp-content\/uploads\/2020\/04\/USA-64.jpg","contentUrl":"https:\/\/cruiseandiscover.com\/wp-content\/uploads\/2020\/04\/USA-64.jpg","width":893,"height":596},{"@type":"BreadcrumbList","@id":"https:\/\/cruiseandiscover.com\/mentions-legales\/#breadcrumb","itemListElement":[{"@type":"ListItem","position":1,"name":"Accueil","item":"https:\/\/cruiseandiscover.com\/"},{"@type":"ListItem","position":2,"name":"Mentions L\u00e9gales"}]},{"@type":"WebSite","@id":"https:\/\/cruiseandiscover.com\/#website","url":"https:\/\/cruiseandiscover.com\/","name":"Cruise & Discover","description":"L&#039;aventure \u00e0 moto pour les passionn\u00e9s","publisher":{"@id":"https:\/\/cruiseandiscover.com\/#organization"},"potentialAction":[{"@type":"SearchAction","target":{"@type":"EntryPoint","urlTemplate":"https:\/\/cruiseandiscover.com\/?s={search_term_string}"},"query-input":"required name=search_term_string"}],"inLanguage":"en-US"},{"@type":"Organization","@id":"https:\/\/cruiseandiscover.com\/#organization","name":"Cruise & Discover","url":"https:\/\/cruiseandiscover.com\/","logo":{"@type":"ImageObject","inLanguage":"en-US","@id":"https:\/\/cruiseandiscover.com\/#\/schema\/logo\/image\/","url":"https:\/\/cruiseandiscover.com\/wp-content\/uploads\/2020\/04\/ms-icon-310x310-1.png","contentUrl":"https:\/\/cruiseandiscover.com\/wp-content\/uploads\/2020\/04\/ms-icon-310x310-1.png","width":310,"height":310,"caption":"Cruise & Discover"},"image":{"@id":"https:\/\/cruiseandiscover.com\/#\/schema\/logo\/image\/"}}]}},"_links":{"self":[{"href":"https:\/\/cruiseandiscover.com\/en\/wp-json\/wp\/v2\/pages\/85884"}],"collection":[{"href":"https:\/\/cruiseandiscover.com\/en\/wp-json\/wp\/v2\/pages"}],"about":[{"href":"https:\/\/cruiseandiscover.com\/en\/wp-json\/wp\/v2\/types\/page"}],"author":[{"embeddable":true,"href":"https:\/\/cruiseandiscover.com\/en\/wp-json\/wp\/v2\/users\/2"}],"replies":[{"embeddable":true,"href":"https:\/\/cruiseandiscover.com\/en\/wp-json\/wp\/v2\/comments?post=85884"}],"version-history":[{"count":5,"href":"https:\/\/cruiseandiscover.com\/en\/wp-json\/wp\/v2\/pages\/85884\/revisions"}],"predecessor-version":[{"id":85889,"href":"https:\/\/cruiseandiscover.com\/en\/wp-json\/wp\/v2\/pages\/85884\/revisions\/85889"}],"wp:featuredmedia":[{"embeddable":true,"href":"https:\/\/cruiseandiscover.com\/en\/wp-json\/wp\/v2\/media\/84973"}],"wp:attachment":[{"href":"https:\/\/cruiseandiscover.com\/en\/wp-json\/wp\/v2\/media?parent=85884"}],"curies":[{"name":"wp","href":"https:\/\/api.w.org\/{rel}","templated":true}]}}