{"id":86205,"date":"2024-06-18T11:55:52","date_gmt":"2024-06-18T09:55:52","guid":{"rendered":"https:\/\/cruiseandiscover.com\/?page_id=86205"},"modified":"2024-06-19T15:35:42","modified_gmt":"2024-06-19T13:35:42","slug":"catalogue-2","status":"publish","type":"page","link":"https:\/\/cruiseandiscover.com\/en\/catalogue-2\/","title":{"rendered":"Catalogue_Etranger"},"content":{"rendered":"<div class=\"wpb-content-wrapper\"><div data-parent=\"true\" class=\"vc_row row-container\" id=\"row-unique-0\"><div class=\"row col-half-gutter single-top-padding quad-bottom-padding single-h-padding limit-width row-parent\"><div class=\"wpb_row row-inner\"><div class=\"wpb_column pos-top pos-center align_center column_parent col-lg-12 single-internal-gutter\"><div class=\"uncol style-light\"  ><div class=\"uncoltable\"><div class=\"uncell no-block-padding\" ><div class=\"uncont\" ><div class=\"vc_custom_heading_wrap\"><div class=\"heading-text el-text\" ><h2 class=\"font-850707 h4 text-color-jevc-color text-uppercase\" ><span>D\u00e9couvrez l&rsquo;ensemble de nos voyages \u00e0 venir \u00e0 l&rsquo;\u00e9tranger<\/p><\/span><span><div id=\"gtx-trans\" style=\"position: absolute; left: 244px; top: -12px;\"><\/span><span><div class=\"gtx-trans-icon\"><\/div><\/span><span><\/div><\/span><span><p><\/span><\/h2><\/div><div class=\"clear\"><\/div><\/div><div class=\"divider-wrapper\"  >\n    <hr class=\"border-color-jevc-color separator-no-padding\"  \/>\n<\/div>\n<div class=\"uncode-tabs wpb_content_element\" data-interval=\"\"  data-target=\"\"><div class=\"uncode-wrapper tab-container\"><div class=\"vc_tta-tabs-container\"><ul class=\"nav nav-tabs wpb_tabs_nav ui-tabs-nav vc_tta-tabs-list text-center\"><li data-tab-id=\"tab-1718639525-1-28\" data-tab-o-id=\"1718639525-1-28\" class=\"vc_tta-tab active\"><a href=\"#tab-1718639525-1-28\" data-toggle=\"tab\"><span><span><span class=\"\">2024<\/span><\/span><\/span><\/a><\/li><li data-tab-id=\"tab-1718639525-2-26\" data-tab-o-id=\"1718639525-2-26\" class=\"vc_tta-tab\"><a href=\"#tab-1718639525-2-26\" data-toggle=\"tab\"><span><span><span class=\"\">2025<\/span><\/span><\/span><\/a><\/li><\/ul><\/div><div class=\"tab-content wpb_wrapper\"><div id=\"tab-1718639525-1-28\" class=\"tab-pane in active fade half-internal-gutter single-block-padding\"><div>\n\t\t\t\t<div id=\"index-7650349956\" class=\"isotope-system isotope-general-light grid-general-light\" >\n\t\t\t\n\t\t\t\t\t\t<div class=\"isotope-wrapper grid-wrapper single-gutter\">\t\t\t\t\t\t<div class=\"isotope-container grid-container isotope-layout style-masonry isotope-pagination grid-pagination\" data-type=\"masonry\" data-layout=\"fitRows\" data-lg=\"1000\" data-md=\"600\" data-sm=\"480\" data-vp-height=\"\">\t\t\t<div class=\"tmb atc-typography-inherit tmb-iso-w4 tmb-iso-h4 tmb-light tmb-overlay-text-anim tmb-overlay-anim tmb-overlay-middle tmb-overlay-text-left tmb-image-anim tmb-bordered  grid-cat-96 grid-cat-154 grid-cat-159 tmb-id-85429 tmb-img-ratio tmb-media-first tmb-media-last tmb-content-overlay\" ><div class=\"t-inside style-color-prif-bg no-anim\" ><div class=\"t-entry-visual\"><div class=\"t-entry-visual-tc\"><div class=\"t-entry-visual-cont\"><div class=\"dummy\" style=\"padding-top: 66.6%;\"><\/div><a tabindex=\"-1\" href=\"https:\/\/cruiseandiscover.com\/en\/catalogue\/argentine\/\" class=\"pushed\" target=\"_self\" data-lb-index=\"0\"><div class=\"t-entry-visual-overlay\"><div class=\"t-entry-visual-overlay-in style-color-jevc-bg\" style=\"opacity: 0.5;\"><\/div><\/div><div class=\"t-overlay-wrap\"><div class=\"t-overlay-inner\">\n\t\t\t\t\t\t\t\t\t\t\t\t\t\t<div class=\"t-overlay-content\">\n\t\t\t\t\t\t\t\t\t\t\t\t\t\t\t<div class=\"t-overlay-text single-block-padding\"><div class=\"t-entry\"><h3 class=\"t-entry-title h3 font-weight-500 title-scale\">The Argentine route - 28 days<\/h3><p class=\"t-entry-readmore btn-container\"><span class=\"btn btn-default\">Read More<\/span><\/p><\/div><\/div><\/div><\/div><\/div><img decoding=\"async\" class=\"wp-image-84901\" src=\"https:\/\/cruiseandiscover.com\/wp-content\/uploads\/2020\/04\/Ardennes-45-scaled-uai-2560x1706.jpg\" width=\"2560\" height=\"1706\" alt=\"\" \/><\/a><\/div>\n\t\t\t\t\t<\/div>\n\t\t\t\t<\/div><\/div><\/div>\t\t<\/div>\n\t\n\n\t<\/div>\t\t\t<\/div>\n<\/div><\/div><div id=\"tab-1718639525-2-26\" class=\"tab-pane fade half-internal-gutter single-block-padding\"><div>\n\t\t\t\t<div id=\"index-76503499560\" class=\"isotope-system isotope-general-light grid-general-light\" >\n\t\t\t\n\t\t\t\t\t\t<div class=\"isotope-wrapper grid-wrapper single-gutter\">\t\t\t\t\t\t<div class=\"isotope-container grid-container isotope-layout style-masonry isotope-pagination grid-pagination\" data-type=\"masonry\" data-layout=\"fitRows\" data-lg=\"1000\" data-md=\"600\" data-sm=\"480\" data-vp-height=\"\">\t\t\t<div class=\"tmb atc-typography-inherit tmb-iso-w4 tmb-iso-h4 tmb-light tmb-overlay-gradient-bottom tmb-text-showed tmb-overlay-showed tmb-overlay-middle tmb-overlay-text-center tmb-image-anim  grid-cat-96 grid-cat-157 grid-cat-159 tmb-id-86264 tmb-img-ratio tmb-media-first tmb-media-last tmb-content-overlay tmb-no-bg\" ><div class=\"t-inside no-anim\" ><div class=\"t-entry-visual\"><div class=\"t-entry-visual-tc\"><div class=\"t-entry-visual-cont\"><div class=\"dummy\" style=\"padding-top: 66.7%;\"><\/div><a tabindex=\"-1\" href=\"https:\/\/cruiseandiscover.com\/en\/catalogue\/usa2\/\" class=\"pushed\" target=\"_self\" data-lb-index=\"0\"><div class=\"t-entry-visual-overlay\"><div class=\"t-entry-visual-overlay-in style-dark-bg\" style=\"opacity: 0.5;\"><\/div><\/div><div class=\"t-overlay-wrap\"><div class=\"t-overlay-inner\">\n\t\t\t\t\t\t\t\t\t\t\t\t\t\t<div class=\"t-overlay-content\">\n\t\t\t\t\t\t\t\t\t\t\t\t\t\t\t<div class=\"t-overlay-text single-block-padding\"><div class=\"t-entry\"><h3 class=\"t-entry-title h3 font-weight-500 title-scale\">THE USA \u2013 FROM SEATTLE TO SEATTLE<\/h3><p class=\"t-entry-readmore btn-container\"><span class=\"btn btn-default btn-sm\">Read More<\/span><\/p><\/div><\/div><\/div><\/div><\/div><img decoding=\"async\" class=\"wp-image-84975\" src=\"https:\/\/cruiseandiscover.com\/wp-content\/uploads\/2020\/04\/USA-66-uai-877x585.jpg\" width=\"877\" height=\"585\" alt=\"\" \/><\/a><\/div>\n\t\t\t\t\t<\/div>\n\t\t\t\t<\/div><\/div><\/div><div class=\"tmb atc-typography-inherit tmb-iso-w4 tmb-iso-h4 tmb-light tmb-overlay-gradient-bottom tmb-text-showed tmb-overlay-showed tmb-overlay-middle tmb-overlay-text-center tmb-image-anim  grid-cat-96 grid-cat-157 grid-cat-159 tmb-id-86283 tmb-img-ratio tmb-media-first tmb-media-last tmb-content-overlay tmb-no-bg\" ><div class=\"t-inside no-anim\" ><div class=\"t-entry-visual\"><div class=\"t-entry-visual-tc\"><div class=\"t-entry-visual-cont\"><div class=\"dummy\" style=\"padding-top: 66.7%;\"><\/div><a tabindex=\"-1\" href=\"https:\/\/cruiseandiscover.com\/en\/catalogue\/irlande-2025\/\" class=\"pushed\" target=\"_self\" data-lb-index=\"1\"><div class=\"t-entry-visual-overlay\"><div class=\"t-entry-visual-overlay-in style-dark-bg\" style=\"opacity: 0.5;\"><\/div><\/div><div class=\"t-overlay-wrap\"><div class=\"t-overlay-inner\">\n\t\t\t\t\t\t\t\t\t\t\t\t\t\t<div class=\"t-overlay-content\">\n\t\t\t\t\t\t\t\t\t\t\t\t\t\t\t<div class=\"t-overlay-text single-block-padding\"><div class=\"t-entry\"><h3 class=\"t-entry-title h3 font-weight-500 title-scale\">Ireland, from Rosslare to Rosslare<\/h3><p class=\"t-entry-readmore btn-container\"><span class=\"btn btn-default btn-sm\">Read More<\/span><\/p><\/div><\/div><\/div><\/div><\/div><img decoding=\"async\" class=\"wp-image-86322\" src=\"https:\/\/cruiseandiscover.com\/wp-content\/uploads\/2024\/06\/07A6669-scaled.jpg\" width=\"2560\" height=\"1707\" alt=\"\" srcset=\"https:\/\/cruiseandiscover.com\/wp-content\/uploads\/2024\/06\/07A6669-scaled.jpg 2560w, https:\/\/cruiseandiscover.com\/wp-content\/uploads\/2024\/06\/07A6669-300x200.jpg 300w, https:\/\/cruiseandiscover.com\/wp-content\/uploads\/2024\/06\/07A6669-1024x683.jpg 1024w, https:\/\/cruiseandiscover.com\/wp-content\/uploads\/2024\/06\/07A6669-768x512.jpg 768w\" sizes=\"(max-width: 2560px) 100vw, 2560px\" \/><\/a><\/div>\n\t\t\t\t\t<\/div>\n\t\t\t\t<\/div><\/div><\/div><div class=\"tmb atc-typography-inherit tmb-iso-w4 tmb-iso-h4 tmb-light tmb-overlay-gradient-bottom tmb-text-showed tmb-overlay-showed tmb-overlay-middle tmb-overlay-text-center tmb-image-anim  grid-cat-96 grid-cat-157 grid-cat-159 tmb-id-86286 tmb-img-ratio tmb-media-first tmb-media-last tmb-content-overlay tmb-no-bg\" ><div class=\"t-inside no-anim\" ><div class=\"t-entry-visual\"><div class=\"t-entry-visual-tc\"><div class=\"t-entry-visual-cont\"><div class=\"dummy\" style=\"padding-top: 66.6%;\"><\/div><a tabindex=\"-1\" href=\"https:\/\/cruiseandiscover.com\/en\/voyage_etranger\/scandinavie-2025\/\" class=\"pushed\" target=\"_self\" data-lb-index=\"2\"><div class=\"t-entry-visual-overlay\"><div class=\"t-entry-visual-overlay-in style-dark-bg\" style=\"opacity: 0.5;\"><\/div><\/div><div class=\"t-overlay-wrap\"><div class=\"t-overlay-inner\">\n\t\t\t\t\t\t\t\t\t\t\t\t\t\t<div class=\"t-overlay-content\">\n\t\t\t\t\t\t\t\t\t\t\t\t\t\t\t<div class=\"t-overlay-text single-block-padding\"><div class=\"t-entry\"><h3 class=\"t-entry-title h3 font-weight-500 title-scale\">SCANDINAVIA: FROM PARIS TO THE NORTHEN CAPE<\/h3><p class=\"t-entry-readmore btn-container\"><span class=\"btn btn-default btn-sm\">Read More<\/span><\/p><\/div><\/div><\/div><\/div><\/div><img decoding=\"async\" class=\"wp-image-84951\" src=\"https:\/\/cruiseandiscover.com\/wp-content\/uploads\/2020\/04\/Scandinavie-5-uai-2560x1706.jpg\" width=\"2560\" height=\"1706\" alt=\"\" \/><\/a><\/div>\n\t\t\t\t\t<\/div>\n\t\t\t\t<\/div><\/div><\/div><div class=\"tmb atc-typography-inherit tmb-iso-w4 tmb-iso-h4 tmb-light tmb-overlay-gradient-bottom tmb-text-showed tmb-overlay-showed tmb-overlay-middle tmb-overlay-text-center tmb-image-anim  grid-cat-96 grid-cat-157 grid-cat-159 tmb-id-86315 tmb-img-ratio tmb-media-first tmb-media-last tmb-content-overlay tmb-no-bg\" ><div class=\"t-inside no-anim\" ><div class=\"t-entry-visual\"><div class=\"t-entry-visual-tc\"><div class=\"t-entry-visual-cont\"><div class=\"dummy\" style=\"padding-top: 66.6%;\"><\/div><a tabindex=\"-1\" href=\"https:\/\/cruiseandiscover.com\/en\/voyage_etranger\/road-66-2025\/\" class=\"pushed\" target=\"_self\" data-lb-index=\"3\"><div class=\"t-entry-visual-overlay\"><div class=\"t-entry-visual-overlay-in style-dark-bg\" style=\"opacity: 0.5;\"><\/div><\/div><div class=\"t-overlay-wrap\"><div class=\"t-overlay-inner\">\n\t\t\t\t\t\t\t\t\t\t\t\t\t\t<div class=\"t-overlay-content\">\n\t\t\t\t\t\t\t\t\t\t\t\t\t\t\t<div class=\"t-overlay-text single-block-padding\"><div class=\"t-entry\"><h3 class=\"t-entry-title h3 font-weight-500 title-scale\">Road 66<\/h3><p class=\"t-entry-readmore btn-container\"><span class=\"btn btn-default btn-sm\">Read More<\/span><\/p><\/div><\/div><\/div><\/div><\/div><img decoding=\"async\" class=\"wp-image-86313\" src=\"https:\/\/cruiseandiscover.com\/wp-content\/uploads\/2024\/06\/Route-66-Mojave-Desert-uai-800x533.jpg\" width=\"800\" height=\"533\" alt=\"\" \/><\/a><\/div>\n\t\t\t\t\t<\/div>\n\t\t\t\t<\/div><\/div><\/div><div class=\"tmb atc-typography-inherit tmb-iso-w4 tmb-iso-h4 tmb-light tmb-overlay-gradient-bottom tmb-text-showed tmb-overlay-showed tmb-overlay-middle tmb-overlay-text-center tmb-image-anim  grid-cat-96 grid-cat-157 grid-cat-159 tmb-id-86495 tmb-img-ratio tmb-media-first tmb-media-last tmb-content-overlay tmb-no-bg\" ><div class=\"t-inside no-anim\" ><div class=\"t-entry-visual\"><div class=\"t-entry-visual-tc\"><div class=\"t-entry-visual-cont\"><div class=\"dummy\" style=\"padding-top: 66.6%;\"><\/div><a tabindex=\"-1\" href=\"https:\/\/cruiseandiscover.com\/en\/catalogue\/espagne-portugal\/\" class=\"pushed\" target=\"_self\" data-lb-index=\"4\"><div class=\"t-entry-visual-overlay\"><div class=\"t-entry-visual-overlay-in style-dark-bg\" style=\"opacity: 0.5;\"><\/div><\/div><div class=\"t-overlay-wrap\"><div class=\"t-overlay-inner\">\n\t\t\t\t\t\t\t\t\t\t\t\t\t\t<div class=\"t-overlay-content\">\n\t\t\t\t\t\t\t\t\t\t\t\t\t\t\t<div class=\"t-overlay-text single-block-padding\"><div class=\"t-entry\"><h3 class=\"t-entry-title h3 font-weight-500 title-scale\">Spain - Portugal<\/h3><p class=\"t-entry-readmore btn-container\"><span class=\"btn btn-default btn-sm\">Read More<\/span><\/p><\/div><\/div><\/div><\/div><\/div><img decoding=\"async\" class=\"wp-image-86502\" src=\"https:\/\/cruiseandiscover.com\/wp-content\/uploads\/2024\/07\/Esp_Port_3-uai-800x533.jpg\" width=\"800\" height=\"533\" alt=\"\" \/><\/a><\/div>\n\t\t\t\t\t<\/div>\n\t\t\t\t<\/div><\/div><\/div><div class=\"tmb atc-typography-inherit tmb-iso-w4 tmb-iso-h4 tmb-light tmb-overlay-gradient-bottom tmb-text-showed tmb-overlay-showed tmb-overlay-middle tmb-overlay-text-center tmb-image-anim  grid-cat-96 grid-cat-157 grid-cat-159 tmb-id-86533 tmb-img-ratio tmb-media-first tmb-media-last tmb-content-overlay tmb-no-bg\" ><div class=\"t-inside no-anim\" ><div class=\"t-entry-visual\"><div class=\"t-entry-visual-tc\"><div class=\"t-entry-visual-cont\"><div class=\"dummy\" style=\"padding-top: 100%;\"><\/div><a tabindex=\"-1\" href=\"https:\/\/cruiseandiscover.com\/en\/voyage_etranger\/italie\/\" class=\"pushed\" target=\"_self\" data-lb-index=\"5\"><div class=\"t-entry-visual-overlay\"><div class=\"t-entry-visual-overlay-in style-dark-bg\" style=\"opacity: 0.5;\"><\/div><\/div><div class=\"t-overlay-wrap\"><div class=\"t-overlay-inner\">\n\t\t\t\t\t\t\t\t\t\t\t\t\t\t<div class=\"t-overlay-content\">\n\t\t\t\t\t\t\t\t\t\t\t\t\t\t\t<div class=\"t-overlay-text single-block-padding\"><div class=\"t-entry\"><h3 class=\"t-entry-title h3 font-weight-500 title-scale\">Italie<\/h3><p class=\"t-entry-readmore btn-container\"><span class=\"btn btn-default btn-sm\">Read More<\/span><\/p><\/div><\/div><\/div><\/div><\/div><img decoding=\"async\" class=\"wp-image-\" src=\"https:\/\/cruiseandiscover.com\/wp-content\/themes\/uncode\/library\/img\/blank.png\" width=\"500\" height=\"500\" alt=\"\" \/><\/a><\/div>\n\t\t\t\t\t<\/div>\n\t\t\t\t<\/div><\/div><\/div><div class=\"tmb atc-typography-inherit tmb-iso-w4 tmb-iso-h4 tmb-light tmb-overlay-gradient-bottom tmb-text-showed tmb-overlay-showed tmb-overlay-middle tmb-overlay-text-center tmb-image-anim  grid-cat-96 grid-cat-157 grid-cat-159 tmb-id-86530 tmb-img-ratio tmb-media-first tmb-media-last tmb-content-overlay tmb-no-bg\" ><div class=\"t-inside no-anim\" ><div class=\"t-entry-visual\"><div class=\"t-entry-visual-tc\"><div class=\"t-entry-visual-cont\"><div class=\"dummy\" style=\"padding-top: 100%;\"><\/div><a tabindex=\"-1\" href=\"https:\/\/cruiseandiscover.com\/en\/voyage_etranger\/lecosse\/\" class=\"pushed\" target=\"_self\" data-lb-index=\"6\"><div class=\"t-entry-visual-overlay\"><div class=\"t-entry-visual-overlay-in style-dark-bg\" style=\"opacity: 0.5;\"><\/div><\/div><div class=\"t-overlay-wrap\"><div class=\"t-overlay-inner\">\n\t\t\t\t\t\t\t\t\t\t\t\t\t\t<div class=\"t-overlay-content\">\n\t\t\t\t\t\t\t\t\t\t\t\t\t\t\t<div class=\"t-overlay-text single-block-padding\"><div class=\"t-entry\"><h3 class=\"t-entry-title h3 font-weight-500 title-scale\">L&rsquo;Ecosse<\/h3><p class=\"t-entry-readmore btn-container\"><span class=\"btn btn-default btn-sm\">Read More<\/span><\/p><\/div><\/div><\/div><\/div><\/div><img decoding=\"async\" class=\"wp-image-\" src=\"https:\/\/cruiseandiscover.com\/wp-content\/themes\/uncode\/library\/img\/blank.png\" width=\"500\" height=\"500\" alt=\"\" \/><\/a><\/div>\n\t\t\t\t\t<\/div>\n\t\t\t\t<\/div><\/div><\/div>\t\t<\/div>\n\t\n\n\t<\/div>\t\t\t<\/div>\n<\/div><\/div><\/div><\/div><\/div><div class=\"divider-wrapper\"  >\n    <hr class=\"border-color-jevc-color separator-no-padding\"  \/>\n<\/div>\n<span class=\"btn-container\" ><a href=\"http:\/\/cruiseandiscover.com\/index.php\/obtenir-un-devis\/\" class=\"custom-link btn btn-lg border-width-0 btn-color-jevc btn-icon-left\" title=\"Get a quote\" target=\"_blank\">Get a quote<\/a><\/span><\/div><\/div><\/div><\/div><\/div><script id=\"script-row-unique-0\" data-row=\"script-row-unique-0\" type=\"text\/javascript\" class=\"vc_controls\">UNCODE.initRow(document.getElementById(\"row-unique-0\"));<\/script><\/div><\/div><\/div>\n<\/div>","protected":false},"excerpt":{"rendered":"L'Ecosse DESCRIPTION DU VOYAGE : L&rsquo;\u00c9cosse \u00e0 moto est une aventure exaltante qui promet des paysages \u00e9poustouflants et des routes [...]","protected":false},"author":2,"featured_media":0,"parent":0,"menu_order":0,"comment_status":"closed","ping_status":"closed","template":"","meta":{"_acf_changed":false,"footnotes":""},"acf":[],"yoast_head":"<!-- This site is optimized with the Yoast SEO plugin v23.0 - https:\/\/yoast.com\/wordpress\/plugins\/seo\/ -->\n<title>Catalogue_Etranger de voyages - Cruise &amp; Discover<\/title>\n<meta name=\"description\" content=\"D\u00e9couvrez notre catalogue de voyages \u00e0 moto pour les ann\u00e9es \u00e0 venir. Nos multiples destinations \u00e0 travers le monde sauront vous faire r\u00eaver.\" \/>\n<meta name=\"robots\" content=\"index, follow, max-snippet:-1, max-image-preview:large, max-video-preview:-1\" \/>\n<link rel=\"canonical\" href=\"https:\/\/cruiseandiscover.com\/en\/catalogue-2\/\" \/>\n<meta property=\"og:locale\" content=\"en_US\" \/>\n<meta property=\"og:type\" content=\"article\" \/>\n<meta property=\"og:title\" content=\"Catalogue_Etranger de voyages - Cruise &amp; Discover\" \/>\n<meta property=\"og:description\" content=\"D\u00e9couvrez notre catalogue de voyages \u00e0 moto pour les ann\u00e9es \u00e0 venir. Nos multiples destinations \u00e0 travers le monde sauront vous faire r\u00eaver.\" \/>\n<meta property=\"og:url\" content=\"https:\/\/cruiseandiscover.com\/en\/catalogue-2\/\" \/>\n<meta property=\"og:site_name\" content=\"Cruise &amp; Discover\" \/>\n<meta property=\"article:modified_time\" content=\"2024-06-19T13:35:42+00:00\" \/>\n<meta name=\"twitter:card\" content=\"summary_large_image\" \/>\n<meta name=\"twitter:label1\" content=\"Est. reading time\" \/>\n\t<meta name=\"twitter:data1\" content=\"1 minute\" \/>\n<script type=\"application\/ld+json\" class=\"yoast-schema-graph\">{\"@context\":\"https:\/\/schema.org\",\"@graph\":[{\"@type\":\"WebPage\",\"@id\":\"https:\/\/cruiseandiscover.com\/catalogue-2\/\",\"url\":\"https:\/\/cruiseandiscover.com\/catalogue-2\/\",\"name\":\"Catalogue_Etranger de voyages - Cruise &amp; Discover\",\"isPartOf\":{\"@id\":\"https:\/\/cruiseandiscover.com\/#website\"},\"datePublished\":\"2024-06-18T09:55:52+00:00\",\"dateModified\":\"2024-06-19T13:35:42+00:00\",\"description\":\"D\u00e9couvrez notre catalogue de voyages \u00e0 moto pour les ann\u00e9es \u00e0 venir. Nos multiples destinations \u00e0 travers le monde sauront vous faire r\u00eaver.\",\"breadcrumb\":{\"@id\":\"https:\/\/cruiseandiscover.com\/catalogue-2\/#breadcrumb\"},\"inLanguage\":\"en-US\",\"potentialAction\":[{\"@type\":\"ReadAction\",\"target\":[\"https:\/\/cruiseandiscover.com\/catalogue-2\/\"]}]},{\"@type\":\"BreadcrumbList\",\"@id\":\"https:\/\/cruiseandiscover.com\/catalogue-2\/#breadcrumb\",\"itemListElement\":[{\"@type\":\"ListItem\",\"position\":1,\"name\":\"Accueil\",\"item\":\"https:\/\/cruiseandiscover.com\/\"},{\"@type\":\"ListItem\",\"position\":2,\"name\":\"Catalogue_Etranger\"}]},{\"@type\":\"WebSite\",\"@id\":\"https:\/\/cruiseandiscover.com\/#website\",\"url\":\"https:\/\/cruiseandiscover.com\/\",\"name\":\"Cruise & Discover\",\"description\":\"L&#039;aventure \u00e0 moto pour les passionn\u00e9s\",\"publisher\":{\"@id\":\"https:\/\/cruiseandiscover.com\/#organization\"},\"potentialAction\":[{\"@type\":\"SearchAction\",\"target\":{\"@type\":\"EntryPoint\",\"urlTemplate\":\"https:\/\/cruiseandiscover.com\/?s={search_term_string}\"},\"query-input\":\"required name=search_term_string\"}],\"inLanguage\":\"en-US\"},{\"@type\":\"Organization\",\"@id\":\"https:\/\/cruiseandiscover.com\/#organization\",\"name\":\"Cruise & Discover\",\"url\":\"https:\/\/cruiseandiscover.com\/\",\"logo\":{\"@type\":\"ImageObject\",\"inLanguage\":\"en-US\",\"@id\":\"https:\/\/cruiseandiscover.com\/#\/schema\/logo\/image\/\",\"url\":\"https:\/\/cruiseandiscover.com\/wp-content\/uploads\/2020\/04\/ms-icon-310x310-1.png\",\"contentUrl\":\"https:\/\/cruiseandiscover.com\/wp-content\/uploads\/2020\/04\/ms-icon-310x310-1.png\",\"width\":310,\"height\":310,\"caption\":\"Cruise & Discover\"},\"image\":{\"@id\":\"https:\/\/cruiseandiscover.com\/#\/schema\/logo\/image\/\"}}]}<\/script>\n<!-- \/ Yoast SEO plugin. -->","yoast_head_json":{"title":"Catalogue_Etranger de voyages - Cruise &amp; Discover","description":"D\u00e9couvrez notre catalogue de voyages \u00e0 moto pour les ann\u00e9es \u00e0 venir. Nos multiples destinations \u00e0 travers le monde sauront vous faire r\u00eaver.","robots":{"index":"index","follow":"follow","max-snippet":"max-snippet:-1","max-image-preview":"max-image-preview:large","max-video-preview":"max-video-preview:-1"},"canonical":"https:\/\/cruiseandiscover.com\/en\/catalogue-2\/","og_locale":"en_US","og_type":"article","og_title":"Catalogue_Etranger de voyages - Cruise &amp; Discover","og_description":"D\u00e9couvrez notre catalogue de voyages \u00e0 moto pour les ann\u00e9es \u00e0 venir. Nos multiples destinations \u00e0 travers le monde sauront vous faire r\u00eaver.","og_url":"https:\/\/cruiseandiscover.com\/en\/catalogue-2\/","og_site_name":"Cruise &amp; Discover","article_modified_time":"2024-06-19T13:35:42+00:00","twitter_card":"summary_large_image","twitter_misc":{"Est. reading time":"1 minute"},"schema":{"@context":"https:\/\/schema.org","@graph":[{"@type":"WebPage","@id":"https:\/\/cruiseandiscover.com\/catalogue-2\/","url":"https:\/\/cruiseandiscover.com\/catalogue-2\/","name":"Catalogue_Etranger de voyages - Cruise &amp; Discover","isPartOf":{"@id":"https:\/\/cruiseandiscover.com\/#website"},"datePublished":"2024-06-18T09:55:52+00:00","dateModified":"2024-06-19T13:35:42+00:00","description":"D\u00e9couvrez notre catalogue de voyages \u00e0 moto pour les ann\u00e9es \u00e0 venir. Nos multiples destinations \u00e0 travers le monde sauront vous faire r\u00eaver.","breadcrumb":{"@id":"https:\/\/cruiseandiscover.com\/catalogue-2\/#breadcrumb"},"inLanguage":"en-US","potentialAction":[{"@type":"ReadAction","target":["https:\/\/cruiseandiscover.com\/catalogue-2\/"]}]},{"@type":"BreadcrumbList","@id":"https:\/\/cruiseandiscover.com\/catalogue-2\/#breadcrumb","itemListElement":[{"@type":"ListItem","position":1,"name":"Accueil","item":"https:\/\/cruiseandiscover.com\/"},{"@type":"ListItem","position":2,"name":"Catalogue_Etranger"}]},{"@type":"WebSite","@id":"https:\/\/cruiseandiscover.com\/#website","url":"https:\/\/cruiseandiscover.com\/","name":"Cruise & Discover","description":"L&#039;aventure \u00e0 moto pour les passionn\u00e9s","publisher":{"@id":"https:\/\/cruiseandiscover.com\/#organization"},"potentialAction":[{"@type":"SearchAction","target":{"@type":"EntryPoint","urlTemplate":"https:\/\/cruiseandiscover.com\/?s={search_term_string}"},"query-input":"required name=search_term_string"}],"inLanguage":"en-US"},{"@type":"Organization","@id":"https:\/\/cruiseandiscover.com\/#organization","name":"Cruise & Discover","url":"https:\/\/cruiseandiscover.com\/","logo":{"@type":"ImageObject","inLanguage":"en-US","@id":"https:\/\/cruiseandiscover.com\/#\/schema\/logo\/image\/","url":"https:\/\/cruiseandiscover.com\/wp-content\/uploads\/2020\/04\/ms-icon-310x310-1.png","contentUrl":"https:\/\/cruiseandiscover.com\/wp-content\/uploads\/2020\/04\/ms-icon-310x310-1.png","width":310,"height":310,"caption":"Cruise & Discover"},"image":{"@id":"https:\/\/cruiseandiscover.com\/#\/schema\/logo\/image\/"}}]}},"_links":{"self":[{"href":"https:\/\/cruiseandiscover.com\/en\/wp-json\/wp\/v2\/pages\/86205"}],"collection":[{"href":"https:\/\/cruiseandiscover.com\/en\/wp-json\/wp\/v2\/pages"}],"about":[{"href":"https:\/\/cruiseandiscover.com\/en\/wp-json\/wp\/v2\/types\/page"}],"author":[{"embeddable":true,"href":"https:\/\/cruiseandiscover.com\/en\/wp-json\/wp\/v2\/users\/2"}],"replies":[{"embeddable":true,"href":"https:\/\/cruiseandiscover.com\/en\/wp-json\/wp\/v2\/comments?post=86205"}],"version-history":[{"count":4,"href":"https:\/\/cruiseandiscover.com\/en\/wp-json\/wp\/v2\/pages\/86205\/revisions"}],"predecessor-version":[{"id":86290,"href":"https:\/\/cruiseandiscover.com\/en\/wp-json\/wp\/v2\/pages\/86205\/revisions\/86290"}],"wp:attachment":[{"href":"https:\/\/cruiseandiscover.com\/en\/wp-json\/wp\/v2\/media?parent=86205"}],"curies":[{"name":"wp","href":"https:\/\/api.w.org\/{rel}","templated":true}]}}